{"id":3029,"date":"2022-11-15T13:47:22","date_gmt":"2022-11-15T12:47:22","guid":{"rendered":"https:\/\/octogone-trading.com\/oto\/?page_id=3029"},"modified":"2022-12-28T09:35:34","modified_gmt":"2022-12-28T08:35:34","slug":"qui-sommes-nous","status":"publish","type":"page","link":"https:\/\/octogone-trading.com\/oto\/qui-sommes-nous\/","title":{"rendered":"Qui sommes-nous"},"content":{"rendered":"<p>[vc_row full_width=\u00a0\u00bbstretch_row_content_no_spaces\u00a0\u00bb css=\u00a0\u00bb.vc_custom_1668535198896{margin-top: -60px !important;}\u00a0\u00bb][vc_column][layerslider_vc id=\u00a0\u00bb2&Prime;][\/vc_column][\/vc_row][vc_row][vc_column][vc_column_text]<\/p>\n<p style=\"text-align: justify;\">La soci\u00e9t\u00e9 Octogone Trading Oil S.A (Octogone) est n\u00e9e en 2007 de la volont\u00e9 de son cr\u00e9ateur Monsieur SAKA Razack de doter l\u2019Afrique de l\u2019Ouest via un hub situ\u00e9 au B\u00e9nin, d\u2019un acteur majeur dans le trading international de produits p\u00e9troliers et ses d\u00e9riv\u00e9s \u00e0 travers une approche innovante. La junior Octogone a depuis connu une progression exponentielle de son activit\u00e9 m\u00e8re, mais \u00e9galement une diversification verticale et horizontale faisant d\u2019elle un acteur incontournable et solide sur la sc\u00e8ne africaine et internationale.<\/p>\n<p>[\/vc_column_text][\/vc_column][\/vc_row][vc_row][vc_column][vc_column_text]<\/p>\n<p style=\"text-align: justify;\">Octogone Trading Oil S.A (OTO) est une soci\u00e9t\u00e9 anonyme de droit b\u00e9ninois au capital social de 1 000 000 000 (un milliard ) FCFA. Son si\u00e8ge social est situ\u00e9 \u00e0 Cotonou au carr\u00e9 193-194, Scoa Gbeto, immeuble OCTOGONE.<\/p>\n<p style=\"text-align: justify;\">Elle est sp\u00e9cialis\u00e9e depuis plusieurs ann\u00e9es dans le trading, l\u2019importation, l&rsquo;exportation et la distribution des produits p\u00e9troliers raffin\u00e9s et d\u00e9riv\u00e9s.<\/p>\n<p style=\"text-align: justify;\">Gr\u00e2ce \u00e0 sa politique d\u2019investissement dynamique et sa culture panafricaine, la soci\u00e9t\u00e9 est aujourd\u2019hui positionn\u00e9e comme un acteur incontournable sur le march\u00e9 du B\u00e9nin et de la sous r\u00e9gion (Burkina Faso, Nig\u00e9ria, Niger, Guin\u00e9e-Conakry, Mali, C\u00f4te d&rsquo;ivoire, R\u00e9publique D\u00e9mocratique du Congo (Kinshasa), R\u00e9publique du Congo (Brazzaville), S\u00e9n\u00e9gal etc).<\/p>\n<p>[\/vc_column_text][\/vc_column][\/vc_row]<\/p>\n","protected":false},"excerpt":{"rendered":"<p>[vc_row full_width=\u00a0\u00bbstretch_row_content_no_spaces\u00a0\u00bb css=\u00a0\u00bb.vc_custom_1668535198896{margin-top: -60px !important;}\u00a0\u00bb][vc_column][layerslider_vc id=\u00a0\u00bb2&Prime;][\/vc_column][\/vc_row][vc_row][vc_column][vc_column_text] La soci\u00e9t\u00e9 Octogone Trading Oil S.A (Octogone) est n\u00e9e en 2007 de la volont\u00e9 de son cr\u00e9ateur Monsieur SAKA Razack de doter l\u2019Afrique de l\u2019Ouest via un hub situ\u00e9 au B\u00e9nin, d\u2019un acteur majeur dans le trading international de produits p\u00e9troliers et ses d\u00e9riv\u00e9s \u00e0 travers une approche innovante.&hellip;<\/p>\n","protected":false},"author":1,"featured_media":0,"parent":0,"menu_order":0,"comment_status":"closed","ping_status":"closed","template":"","meta":{"footnotes":""},"class_list":["post-3029","page","type-page","status-publish","hentry","description-off"],"_links":{"self":[{"href":"https:\/\/octogone-trading.com\/oto\/wp-json\/wp\/v2\/pages\/3029","targetHints":{"allow":["GET"]}}],"collection":[{"href":"https:\/\/octogone-trading.com\/oto\/wp-json\/wp\/v2\/pages"}],"about":[{"href":"https:\/\/octogone-trading.com\/oto\/wp-json\/wp\/v2\/types\/page"}],"author":[{"embeddable":true,"href":"https:\/\/octogone-trading.com\/oto\/wp-json\/wp\/v2\/users\/1"}],"replies":[{"embeddable":true,"href":"https:\/\/octogone-trading.com\/oto\/wp-json\/wp\/v2\/comments?post=3029"}],"version-history":[{"count":16,"href":"https:\/\/octogone-trading.com\/oto\/wp-json\/wp\/v2\/pages\/3029\/revisions"}],"predecessor-version":[{"id":3174,"href":"https:\/\/octogone-trading.com\/oto\/wp-json\/wp\/v2\/pages\/3029\/revisions\/3174"}],"wp:attachment":[{"href":"https:\/\/octogone-trading.com\/oto\/wp-json\/wp\/v2\/media?parent=3029"}],"curies":[{"name":"wp","href":"https:\/\/api.w.org\/{rel}","templated":true}]}}