{"id":3031,"date":"2022-11-15T13:47:40","date_gmt":"2022-11-15T12:47:40","guid":{"rendered":"https:\/\/octogone-trading.com\/oto\/?page_id=3031"},"modified":"2022-12-04T18:50:18","modified_gmt":"2022-12-04T17:50:18","slug":"nos-activites","status":"publish","type":"page","link":"https:\/\/octogone-trading.com\/oto\/nos-activites\/","title":{"rendered":"Nos activit\u00e9s"},"content":{"rendered":"<p>[vc_row full_width=\u00a0\u00bbstretch_row_content_no_spaces\u00a0\u00bb css=\u00a0\u00bb.vc_custom_1668535003232{margin-top: -60px !important;}\u00a0\u00bb][vc_column][layerslider_vc id=\u00a0\u00bb3&Prime;][\/vc_column][\/vc_row][vc_row][vc_column][vc_column_text]<\/p>\n<p style=\"text-align: justify;\"><strong>Le n\u00e9goce p\u00e9trolier ou trading<\/strong><br \/>\n\u2751 Le Trading est le c\u0153ur de m\u00e9tier historique d\u2019Octogone Trading Oil.<br \/>\n\u2751 Octogone est actif sur les trois (03) principaux march\u00e9s p\u00e9troliers mondiaux que sont le march\u00e9 du P\u00e9trole Brut, le march\u00e9 des Produits Raffin\u00e9s et celui des Produits D\u00e9riv\u00e9s<br \/>\n\u2751 Octogone est l\u2019un des acteurs leaders sur le march\u00e9 des Produits raffin\u00e9s en Afrique.<\/p>\n<p style=\"text-align: justify;\"><strong>Le stockage, la distribution et la commercialisation de produits p\u00e9troliers et d\u00e9riv\u00e9s<\/strong><br \/>\n\u2751 Octogone poss\u00e8de son d\u00e9p\u00f4t de stockage au Port de Cotonou d\u2019une capacit\u00e9 de 54 000TM de produits raffin\u00e9s et de 2 000TM de Gaz Butane.<br \/>\n\u2751 Octogone poss\u00e8de un r\u00e9seau de distribution au B\u00e9nin.<br \/>\nCe r\u00e9seau est amen\u00e9 \u00e0 se d\u00e9velopper uniquement sur des march\u00e9s strat\u00e9giques en Afrique.<br \/>\n\u2751 Les activit\u00e9s transverses de notre c\u0153ur de m\u00e9tier telles que l\u2019accompagnement de projets, l\u2019interm\u00e9diation et la prise de participations strat\u00e9giques.<\/p>\n<p>[\/vc_column_text][\/vc_column][\/vc_row][vc_row][vc_column][vc_column_text]<\/p>\n<p style=\"text-align: justify;\"><strong>Nos r\u00e9alisations et perspectives<\/strong><br \/>\n\u27a2 Les secteurs en amont de l\u2019industrie des hydrocarbures :<br \/>\no L\u2019exploration sur les blocs attribu\u00e9s \u00e0 Octogone;<br \/>\no Le d\u00e9veloppement via notre r\u00e9seau de potentiels partenaires identifi\u00e9s sur chaque bloc;<br \/>\no La production d\u2019hydrocarbures via notre r\u00e9seau de partenaires;<\/p>\n<p style=\"text-align: justify;\">\u27a2 Les secteurs en aval de l\u2019industrie des hydrocarbures :<br \/>\no Le raffinage par la prise de participations dans des raffineries existantes ou en cours de conception;<br \/>\no Le shipping gr\u00e2ce \u00e0 l\u2019acquisition de notre navire de transport d\u2019hydrocarbures.<\/p>\n<p>[\/vc_column_text][\/vc_column][\/vc_row]<\/p>\n","protected":false},"excerpt":{"rendered":"<p>[vc_row full_width=\u00a0\u00bbstretch_row_content_no_spaces\u00a0\u00bb css=\u00a0\u00bb.vc_custom_1668535003232{margin-top: -60px !important;}\u00a0\u00bb][vc_column][layerslider_vc id=\u00a0\u00bb3&Prime;][\/vc_column][\/vc_row][vc_row][vc_column][vc_column_text] Le n\u00e9goce p\u00e9trolier ou trading \u2751 Le Trading est le c\u0153ur de m\u00e9tier historique d\u2019Octogone Trading Oil. \u2751 Octogone est actif sur les trois (03) principaux march\u00e9s p\u00e9troliers mondiaux que sont le march\u00e9 du P\u00e9trole Brut, le march\u00e9 des Produits Raffin\u00e9s et celui des Produits D\u00e9riv\u00e9s \u2751 Octogone est&hellip;<\/p>\n","protected":false},"author":1,"featured_media":0,"parent":0,"menu_order":0,"comment_status":"closed","ping_status":"closed","template":"","meta":{"footnotes":""},"class_list":["post-3031","page","type-page","status-publish","hentry","description-off"],"_links":{"self":[{"href":"https:\/\/octogone-trading.com\/oto\/wp-json\/wp\/v2\/pages\/3031","targetHints":{"allow":["GET"]}}],"collection":[{"href":"https:\/\/octogone-trading.com\/oto\/wp-json\/wp\/v2\/pages"}],"about":[{"href":"https:\/\/octogone-trading.com\/oto\/wp-json\/wp\/v2\/types\/page"}],"author":[{"embeddable":true,"href":"https:\/\/octogone-trading.com\/oto\/wp-json\/wp\/v2\/users\/1"}],"replies":[{"embeddable":true,"href":"https:\/\/octogone-trading.com\/oto\/wp-json\/wp\/v2\/comments?post=3031"}],"version-history":[{"count":9,"href":"https:\/\/octogone-trading.com\/oto\/wp-json\/wp\/v2\/pages\/3031\/revisions"}],"predecessor-version":[{"id":3153,"href":"https:\/\/octogone-trading.com\/oto\/wp-json\/wp\/v2\/pages\/3031\/revisions\/3153"}],"wp:attachment":[{"href":"https:\/\/octogone-trading.com\/oto\/wp-json\/wp\/v2\/media?parent=3031"}],"curies":[{"name":"wp","href":"https:\/\/api.w.org\/{rel}","templated":true}]}}