{"id":3082,"date":"2022-11-15T17:34:38","date_gmt":"2022-11-15T16:34:38","guid":{"rendered":"https:\/\/octogone-trading.com\/oto\/?page_id=3082"},"modified":"2022-12-28T09:39:20","modified_gmt":"2022-12-28T08:39:20","slug":"nos-partenaires","status":"publish","type":"page","link":"https:\/\/octogone-trading.com\/oto\/nos-partenaires\/","title":{"rendered":"Nos partenaires"},"content":{"rendered":"<p>[vc_row full_width=\u00a0\u00bbstretch_row_content_no_spaces\u00a0\u00bb css=\u00a0\u00bb.vc_custom_1668535262088{margin-top: -60px !important;}\u00a0\u00bb][vc_column][vc_single_image image=\u00a0\u00bb3138&Prime; img_size=\u00a0\u00bbfull\u00a0\u00bb alignment=\u00a0\u00bbcenter\u00a0\u00bb image_hovers=\u00a0\u00bbfalse\u00a0\u00bb][\/vc_column][\/vc_row][vc_row][vc_column][vc_column_text]<\/p>\n<p style=\"text-align: justify;\">Octogone peut devenir un investisseur en actions par le biais de coentreprises ou d\u2019un partenaire commercial avec des accords d\u2019achat \u00e0 long terme. Nos exp\u00e9riences d\u2019exploitation d\u2019activit\u00e9s appartenant en totalit\u00e9 ou en partie au secteur p\u00e9trolier et gazier peuvent fournir une expertise technique pour aider \u00e0 d\u00e9velopper un actif et \u00e0 r\u00e9aliser son potentiel. En combinant nos comp\u00e9tences avec celles du propri\u00e9taire de l\u2019actif, nous pouvons cr\u00e9er des synergies qui g\u00e9n\u00e8rent des avantages pour tous.<br \/>\nChez Octogone, nous croyons aux partenariats. Nous nous engageons autant dans la relation que dans l\u2019actif lui-m\u00eame.<\/p>\n<p>[\/vc_column_text][\/vc_column][\/vc_row][vc_row][vc_column][vc_single_image image=\u00a0\u00bb3175&Prime; img_size=\u00a0\u00bbfull\u00a0\u00bb alignment=\u00a0\u00bbcenter\u00a0\u00bb][\/vc_column][\/vc_row]<\/p>\n","protected":false},"excerpt":{"rendered":"<p>[vc_row full_width=\u00a0\u00bbstretch_row_content_no_spaces\u00a0\u00bb css=\u00a0\u00bb.vc_custom_1668535262088{margin-top: -60px !important;}\u00a0\u00bb][vc_column][vc_single_image image=\u00a0\u00bb3138&Prime; img_size=\u00a0\u00bbfull\u00a0\u00bb alignment=\u00a0\u00bbcenter\u00a0\u00bb image_hovers=\u00a0\u00bbfalse\u00a0\u00bb][\/vc_column][\/vc_row][vc_row][vc_column][vc_column_text] Octogone peut devenir un investisseur en actions par le biais de coentreprises ou d\u2019un partenaire commercial avec des accords d\u2019achat \u00e0 long terme. Nos exp\u00e9riences d\u2019exploitation d\u2019activit\u00e9s appartenant en totalit\u00e9 ou en partie au secteur p\u00e9trolier et gazier peuvent fournir une expertise technique pour aider \u00e0&hellip;<\/p>\n","protected":false},"author":1,"featured_media":0,"parent":0,"menu_order":0,"comment_status":"closed","ping_status":"closed","template":"","meta":{"footnotes":""},"class_list":["post-3082","page","type-page","status-publish","hentry","description-off"],"_links":{"self":[{"href":"https:\/\/octogone-trading.com\/oto\/wp-json\/wp\/v2\/pages\/3082","targetHints":{"allow":["GET"]}}],"collection":[{"href":"https:\/\/octogone-trading.com\/oto\/wp-json\/wp\/v2\/pages"}],"about":[{"href":"https:\/\/octogone-trading.com\/oto\/wp-json\/wp\/v2\/types\/page"}],"author":[{"embeddable":true,"href":"https:\/\/octogone-trading.com\/oto\/wp-json\/wp\/v2\/users\/1"}],"replies":[{"embeddable":true,"href":"https:\/\/octogone-trading.com\/oto\/wp-json\/wp\/v2\/comments?post=3082"}],"version-history":[{"count":7,"href":"https:\/\/octogone-trading.com\/oto\/wp-json\/wp\/v2\/pages\/3082\/revisions"}],"predecessor-version":[{"id":3177,"href":"https:\/\/octogone-trading.com\/oto\/wp-json\/wp\/v2\/pages\/3082\/revisions\/3177"}],"wp:attachment":[{"href":"https:\/\/octogone-trading.com\/oto\/wp-json\/wp\/v2\/media?parent=3082"}],"curies":[{"name":"wp","href":"https:\/\/api.w.org\/{rel}","templated":true}]}}