{"id":3182,"date":"2022-12-28T12:03:00","date_gmt":"2022-12-28T11:03:00","guid":{"rendered":"https:\/\/octogone-trading.com\/oto\/?page_id=3182"},"modified":"2022-12-28T13:55:13","modified_gmt":"2022-12-28T12:55:13","slug":"mission-vision-et-valeurs","status":"publish","type":"page","link":"https:\/\/octogone-trading.com\/oto\/mission-vision-et-valeurs\/","title":{"rendered":"MISSION, VISION ET VALEURS"},"content":{"rendered":"<p>[vc_row full_width=\u00a0\u00bbstretch_row_content_no_spaces\u00a0\u00bb css=\u00a0\u00bb.vc_custom_1668535198896{margin-top: -60px !important;}\u00a0\u00bb][vc_column][layerslider_vc id=\u00a0\u00bb2&Prime;][\/vc_column][\/vc_row][vc_row][vc_column][vc_column_text]<\/p>\n<p style=\"text-align: justify;\"><strong>Mission :<\/strong><br \/>\nOctogone Trading Oil SA s\u2019engage \u00e0 faire de l\u2019\u00e9nergie panafricaine, l\u2019\u00e9nergie de r\u00e9f\u00e9rence. La soci\u00e9t\u00e9 s\u2019engage a int\u00e9grer l\u2019Afrique dans l\u2019industrie p\u00e9troli\u00e8re internationale, en faisant un hub incontournable.<\/p>\n<p style=\"text-align: justify;\"><strong>Vision :<\/strong><br \/>\nOctogone est ne\u0301e de l\u2019ambition d\u2019un homme pour qui l\u2019Afrique peut cre\u0301er des entreprises innovantes et compe\u0301titives capables de s\u2019imposer sur la sce\u0300ne internationale. Octogone souhaite devenir un acteur majeur de l\u2019industrie pe\u0301trolie\u0300re sur la sce\u0300ne africaine dont le hub est Cotonou au Be\u0301nin. Octogone souhaite saisir les opportunite\u0301s innovantes dans le secteur de l\u2019e\u0301nergie et les niches sous estime\u0301es ou ne\u0301glige\u0301es par ses concurrents, et apport\u00e9 des solutions viables et innovantes \u00e0 ses clients et ses patenaires.<\/p>\n<p style=\"text-align: justify;\"><strong>Valeurs:<\/strong><br \/>\n\u2022 <span style=\"color: #ff0000;\"><strong>Ambition<\/strong><\/span>, nous aspirons \u00e0 \u00eatre une soci\u00e9t\u00e9 leader \u00e0 dimension internationale.<br \/>\n\u2022 <span style=\"color: #ff0000;\"><strong>Respect<\/strong><\/span>, nous ne concevons notre r\u00e9ussite qu\u2019\u00e0 travers des gentlemen agreement loyaux gagnant-gagnant, tant en externe qu\u2019en interne.<br \/>\n\u2022 <span style=\"color: #ff0000;\"><strong>Citoyennet\u00e9<\/strong><\/span>, OTO est une entreprise ancr\u00e9e dans son environnement, qui se veut le fer de lance de la renaissance africaine qui passe par l\u2019\u00e9mergence et le d\u00e9veloppement du continent.<br \/>\n\u2022 <span style=\"color: #ff0000;\"><strong>Excellence<\/strong><\/span>, nous souhaitons \u00eatre les meilleurs dans tout ce que nous entreprenons.<br \/>\n\u2022 <span style=\"color: #ff0000;\"><strong>Rigueur<\/strong><\/span>, nous souhaitons repr\u00e9senter une valeur s\u00fbre pour nos partenaires et nos collaborateurs.<\/p>\n<p>[\/vc_column_text][\/vc_column][\/vc_row]<\/p>\n","protected":false},"excerpt":{"rendered":"<p>[vc_row full_width=\u00a0\u00bbstretch_row_content_no_spaces\u00a0\u00bb css=\u00a0\u00bb.vc_custom_1668535198896{margin-top: -60px !important;}\u00a0\u00bb][vc_column][layerslider_vc id=\u00a0\u00bb2&Prime;][\/vc_column][\/vc_row][vc_row][vc_column][vc_column_text] Mission : Octogone Trading Oil SA s\u2019engage \u00e0 faire de l\u2019\u00e9nergie panafricaine, l\u2019\u00e9nergie de r\u00e9f\u00e9rence. La soci\u00e9t\u00e9 s\u2019engage a int\u00e9grer l\u2019Afrique dans l\u2019industrie p\u00e9troli\u00e8re internationale, en faisant un hub incontournable. Vision : Octogone est ne\u0301e de l\u2019ambition d\u2019un homme pour qui l\u2019Afrique peut cre\u0301er des entreprises innovantes et compe\u0301titives&hellip;<\/p>\n","protected":false},"author":1,"featured_media":0,"parent":0,"menu_order":0,"comment_status":"closed","ping_status":"closed","template":"","meta":{"footnotes":""},"class_list":["post-3182","page","type-page","status-publish","hentry","description-off"],"_links":{"self":[{"href":"https:\/\/octogone-trading.com\/oto\/wp-json\/wp\/v2\/pages\/3182","targetHints":{"allow":["GET"]}}],"collection":[{"href":"https:\/\/octogone-trading.com\/oto\/wp-json\/wp\/v2\/pages"}],"about":[{"href":"https:\/\/octogone-trading.com\/oto\/wp-json\/wp\/v2\/types\/page"}],"author":[{"embeddable":true,"href":"https:\/\/octogone-trading.com\/oto\/wp-json\/wp\/v2\/users\/1"}],"replies":[{"embeddable":true,"href":"https:\/\/octogone-trading.com\/oto\/wp-json\/wp\/v2\/comments?post=3182"}],"version-history":[{"count":7,"href":"https:\/\/octogone-trading.com\/oto\/wp-json\/wp\/v2\/pages\/3182\/revisions"}],"predecessor-version":[{"id":3195,"href":"https:\/\/octogone-trading.com\/oto\/wp-json\/wp\/v2\/pages\/3182\/revisions\/3195"}],"wp:attachment":[{"href":"https:\/\/octogone-trading.com\/oto\/wp-json\/wp\/v2\/media?parent=3182"}],"curies":[{"name":"wp","href":"https:\/\/api.w.org\/{rel}","templated":true}]}}